{"id":89,"date":"2021-09-09T12:56:21","date_gmt":"2021-09-09T12:56:21","guid":{"rendered":"http:\/\/www.belisamart.fr\/Belisamart-Blog\/?page_id=89"},"modified":"2021-09-09T12:56:23","modified_gmt":"2021-09-09T12:56:23","slug":"contact","status":"publish","type":"page","link":"http:\/\/www.belisamart.fr\/Belisamart-Blog\/contact\/","title":{"rendered":"Contact"},"content":{"rendered":"\n<div class=\"wp-block-themeisle-blocks-advanced-columns has-1-columns has-desktop-equal-layout has-tablet-equal-layout has-mobile-equal-layout has-default-gap has-vertical-unset\" id=\"wp-block-themeisle-blocks-advanced-columns-853d80a0\"><div class=\"wp-block-themeisle-blocks-advanced-columns-overlay\"><\/div><div class=\"innerblocks-wrap\">\n<div class=\"wp-block-themeisle-blocks-advanced-column\" id=\"wp-block-themeisle-blocks-advanced-column-fd9cfc16\">\n<p>Bonjour,<br><\/p>\n\n\n\n<p>Vous d\u00e9sirez nous contacter pour nous faire part de votre actualit\u00e9 : nouveau roman, exposition, concert ou toute autre information, n&#8217;h\u00e9sitez pas \u00e0 nous envoyer un message avec les informations n\u00e9cessaires mais aussi des photos, des images, un extrait de musique&#8230; vos liens sociaux.<\/p>\n\n\n<div class=\"wpforms-container wpforms-container-full wpforms-block\" id=\"wpforms-91\"><form id=\"wpforms-form-91\" class=\"wpforms-validate wpforms-form wpforms-ajax-form\" data-formid=\"91\" method=\"post\" enctype=\"multipart\/form-data\" action=\"\/Belisamart-Blog\/wp-json\/wp\/v2\/pages\/89\" data-token=\"1727f3c6bdaab395f10c492b85845367\" data-token-time=\"1777606775\"><noscript class=\"wpforms-error-noscript\">Veuillez activer JavaScript dans votre navigateur pour remplir ce formulaire.<\/noscript><div class=\"wpforms-field-container\"><div id=\"wpforms-91-field_2-container\" class=\"wpforms-field wpforms-field-name\" data-field-id=\"2\"><label class=\"wpforms-field-label\">Nom <span class=\"wpforms-required-label\">*<\/span><\/label><div class=\"wpforms-field-row wpforms-field-medium\"><div class=\"wpforms-field-row-block wpforms-first wpforms-one-half\"><input type=\"text\" id=\"wpforms-91-field_2\" class=\"wpforms-field-name-first wpforms-field-required\" name=\"wpforms[fields][2][first]\" required><label for=\"wpforms-91-field_2\" class=\"wpforms-field-sublabel after\">Pr\u00e9nom<\/label><\/div><div class=\"wpforms-field-row-block wpforms-one-half\"><input type=\"text\" id=\"wpforms-91-field_2-last\" class=\"wpforms-field-name-last wpforms-field-required\" name=\"wpforms[fields][2][last]\" required><label for=\"wpforms-91-field_2-last\" class=\"wpforms-field-sublabel after\">Nom<\/label><\/div><\/div><\/div><div id=\"wpforms-91-field_3-container\" class=\"wpforms-field wpforms-field-email\" data-field-id=\"3\"><label class=\"wpforms-field-label\" for=\"wpforms-91-field_3\">E-mail <span class=\"wpforms-required-label\">*<\/span><\/label><input type=\"email\" id=\"wpforms-91-field_3\" class=\"wpforms-field-medium wpforms-field-required\" name=\"wpforms[fields][3]\" spellcheck=\"false\" required><\/div><div id=\"wpforms-91-field_4-container\" class=\"wpforms-field wpforms-field-radio\" data-field-id=\"4\"><label class=\"wpforms-field-label\">Choix multiple<\/label><ul id=\"wpforms-91-field_4\"><li class=\"choice-1 depth-1\"><input type=\"radio\" id=\"wpforms-91-field_4_1\" name=\"wpforms[fields][4]\" value=\"Auteur\"  ><label class=\"wpforms-field-label-inline\" for=\"wpforms-91-field_4_1\">Auteur<\/label><\/li><li class=\"choice-2 depth-1\"><input type=\"radio\" id=\"wpforms-91-field_4_2\" name=\"wpforms[fields][4]\" value=\"Editeur\"  ><label class=\"wpforms-field-label-inline\" for=\"wpforms-91-field_4_2\">Editeur<\/label><\/li><li class=\"choice-3 depth-1\"><input type=\"radio\" id=\"wpforms-91-field_4_3\" name=\"wpforms[fields][4]\" value=\"Illustrateur\"  ><label class=\"wpforms-field-label-inline\" for=\"wpforms-91-field_4_3\">Illustrateur<\/label><\/li><li class=\"choice-4 depth-1\"><input type=\"radio\" id=\"wpforms-91-field_4_4\" name=\"wpforms[fields][4]\" value=\"Peintre\"  ><label class=\"wpforms-field-label-inline\" for=\"wpforms-91-field_4_4\">Peintre<\/label><\/li><li class=\"choice-5 depth-1\"><input type=\"radio\" id=\"wpforms-91-field_4_5\" name=\"wpforms[fields][4]\" value=\"Musicien\"  ><label class=\"wpforms-field-label-inline\" for=\"wpforms-91-field_4_5\">Musicien<\/label><\/li><li class=\"choice-6 depth-1\"><input type=\"radio\" id=\"wpforms-91-field_4_6\" name=\"wpforms[fields][4]\" value=\"Autre\"  ><label class=\"wpforms-field-label-inline\" for=\"wpforms-91-field_4_6\">Autre<\/label><\/li><\/ul><\/div><div id=\"wpforms-91-field_5-container\" class=\"wpforms-field wpforms-field-text\" data-field-id=\"5\"><label class=\"wpforms-field-label\" for=\"wpforms-91-field_5\">Sujet<\/label><input type=\"text\" id=\"wpforms-91-field_5\" class=\"wpforms-field-medium\" name=\"wpforms[fields][5]\" ><\/div><div id=\"wpforms-91-field_6-container\" class=\"wpforms-field wpforms-field-textarea\" data-field-id=\"6\"><label class=\"wpforms-field-label\" for=\"wpforms-91-field_6\">Paragraphe<\/label><textarea id=\"wpforms-91-field_6\" class=\"wpforms-field-medium\" name=\"wpforms[fields][6]\" ><\/textarea><\/div><div id=\"wpforms-91-field_7-container\" class=\"wpforms-field wpforms-field-text\" data-field-id=\"7\"><label class=\"wpforms-field-label\" for=\"wpforms-91-field_7\">Pour les pi\u00e8ces jointes, ajoutez vos liens de t\u00e9l\u00e9chargement : dropbox ou wetransfer<\/label><input type=\"text\" id=\"wpforms-91-field_7\" class=\"wpforms-field-medium\" name=\"wpforms[fields][7]\" ><\/div><\/div><!-- .wpforms-field-container --><div class=\"wpforms-submit-container\" ><input type=\"hidden\" name=\"wpforms[id]\" value=\"91\"><input type=\"hidden\" name=\"page_title\" value=\"\"><input type=\"hidden\" name=\"page_url\" value=\"http:\/\/www.belisamart.fr\/Belisamart-Blog\/wp-json\/wp\/v2\/pages\/89\"><input type=\"hidden\" name=\"url_referer\" value=\"http:\/\/www.belisamart.fr\/Belisamart-Blog\/wp-json\/wp\/v2\/pages\/89\"><button type=\"submit\" name=\"wpforms[submit]\" id=\"wpforms-submit-91\" class=\"wpforms-submit\" data-alt-text=\"Envoi...\" data-submit-text=\"Envoyer\" aria-live=\"assertive\" value=\"wpforms-submit\">Envoyer<\/button><img decoding=\"async\" src=\"http:\/\/www.belisamart.fr\/Belisamart-Blog\/wp-content\/plugins\/wpforms-lite\/assets\/images\/submit-spin.svg\" class=\"wpforms-submit-spinner\" style=\"display: none;\" width=\"26\" height=\"26\" alt=\"Chargement en cours\"><\/div><input\n                    class=\"apbct_special_field apbct_email_id__wp_wpforms\"\n                    name=\"apbct__email_id__wp_wpforms\"\n                    aria-label=\"apbct__label_id__wp_wpforms\"\n                    type=\"text\" size=\"30\" maxlength=\"200\" autocomplete=\"off\"\n                    value=\"\"\n                \/><\/form><\/div>  <!-- .wpforms-container -->\n\n\n<p><\/p>\n<\/div>\n<\/div><\/div>\n","protected":false},"excerpt":{"rendered":"","protected":false},"author":1,"featured_media":0,"parent":0,"menu_order":0,"comment_status":"closed","ping_status":"closed","template":"","meta":{"_editorskit_title_hidden":false,"_editorskit_reading_time":0,"_editorskit_is_block_options_detached":false,"_editorskit_block_options_position":"{}","_themeisle_gutenberg_block_has_review":false,"jetpack_post_was_ever_published":false,"footnotes":""},"folder":[],"class_list":["post-89","page","type-page","status-publish","hentry"],"yoast_head":"<!-- This site is optimized with the Yoast SEO plugin v27.5 - https:\/\/yoast.com\/product\/yoast-seo-wordpress\/ -->\n<title>Contact - Belisam&#039;Art<\/title>\n<meta name=\"robots\" content=\"index, follow, max-snippet:-1, max-image-preview:large, max-video-preview:-1\" \/>\n<link rel=\"canonical\" href=\"http:\/\/www.belisamart.fr\/Belisamart-Blog\/contact\/\" \/>\n<meta property=\"og:locale\" content=\"fr_FR\" \/>\n<meta property=\"og:type\" content=\"article\" \/>\n<meta property=\"og:title\" content=\"Contact - Belisam&#039;Art\" \/>\n<meta property=\"og:url\" content=\"http:\/\/www.belisamart.fr\/Belisamart-Blog\/contact\/\" \/>\n<meta property=\"og:site_name\" content=\"Belisam&#039;Art\" \/>\n<meta property=\"article:modified_time\" content=\"2021-09-09T12:56:23+00:00\" \/>\n<meta name=\"twitter:card\" content=\"summary_large_image\" \/>\n<meta name=\"twitter:label1\" content=\"Dur\u00e9e de lecture estim\u00e9e\" \/>\n\t<meta name=\"twitter:data1\" content=\"1 minute\" \/>\n<script type=\"application\/ld+json\" class=\"yoast-schema-graph\">{\"@context\":\"https:\\\/\\\/schema.org\",\"@graph\":[{\"@type\":\"WebPage\",\"@id\":\"http:\\\/\\\/www.belisamart.fr\\\/Belisamart-Blog\\\/contact\\\/\",\"url\":\"http:\\\/\\\/www.belisamart.fr\\\/Belisamart-Blog\\\/contact\\\/\",\"name\":\"Contact - Belisam&#039;Art\",\"isPartOf\":{\"@id\":\"http:\\\/\\\/www.belisamart.fr\\\/Belisamart-Blog\\\/#website\"},\"datePublished\":\"2021-09-09T12:56:21+00:00\",\"dateModified\":\"2021-09-09T12:56:23+00:00\",\"breadcrumb\":{\"@id\":\"http:\\\/\\\/www.belisamart.fr\\\/Belisamart-Blog\\\/contact\\\/#breadcrumb\"},\"inLanguage\":\"fr-FR\",\"potentialAction\":[{\"@type\":\"ReadAction\",\"target\":[\"http:\\\/\\\/www.belisamart.fr\\\/Belisamart-Blog\\\/contact\\\/\"]}]},{\"@type\":\"BreadcrumbList\",\"@id\":\"http:\\\/\\\/www.belisamart.fr\\\/Belisamart-Blog\\\/contact\\\/#breadcrumb\",\"itemListElement\":[{\"@type\":\"ListItem\",\"position\":1,\"name\":\"Accueil\",\"item\":\"http:\\\/\\\/www.belisamart.fr\\\/Belisamart-Blog\\\/\"},{\"@type\":\"ListItem\",\"position\":2,\"name\":\"Contact\"}]},{\"@type\":\"WebSite\",\"@id\":\"http:\\\/\\\/www.belisamart.fr\\\/Belisamart-Blog\\\/#website\",\"url\":\"http:\\\/\\\/www.belisamart.fr\\\/Belisamart-Blog\\\/\",\"name\":\"Belisam&#039;Art\",\"description\":\"Blog culturel Belisam&#039;Art\",\"potentialAction\":[{\"@type\":\"SearchAction\",\"target\":{\"@type\":\"EntryPoint\",\"urlTemplate\":\"http:\\\/\\\/www.belisamart.fr\\\/Belisamart-Blog\\\/?s={search_term_string}\"},\"query-input\":{\"@type\":\"PropertyValueSpecification\",\"valueRequired\":true,\"valueName\":\"search_term_string\"}}],\"inLanguage\":\"fr-FR\"}]}<\/script>\n<!-- \/ Yoast SEO plugin. -->","yoast_head_json":{"title":"Contact - Belisam&#039;Art","robots":{"index":"index","follow":"follow","max-snippet":"max-snippet:-1","max-image-preview":"max-image-preview:large","max-video-preview":"max-video-preview:-1"},"canonical":"http:\/\/www.belisamart.fr\/Belisamart-Blog\/contact\/","og_locale":"fr_FR","og_type":"article","og_title":"Contact - Belisam&#039;Art","og_url":"http:\/\/www.belisamart.fr\/Belisamart-Blog\/contact\/","og_site_name":"Belisam&#039;Art","article_modified_time":"2021-09-09T12:56:23+00:00","twitter_card":"summary_large_image","twitter_misc":{"Dur\u00e9e de lecture estim\u00e9e":"1 minute"},"schema":{"@context":"https:\/\/schema.org","@graph":[{"@type":"WebPage","@id":"http:\/\/www.belisamart.fr\/Belisamart-Blog\/contact\/","url":"http:\/\/www.belisamart.fr\/Belisamart-Blog\/contact\/","name":"Contact - Belisam&#039;Art","isPartOf":{"@id":"http:\/\/www.belisamart.fr\/Belisamart-Blog\/#website"},"datePublished":"2021-09-09T12:56:21+00:00","dateModified":"2021-09-09T12:56:23+00:00","breadcrumb":{"@id":"http:\/\/www.belisamart.fr\/Belisamart-Blog\/contact\/#breadcrumb"},"inLanguage":"fr-FR","potentialAction":[{"@type":"ReadAction","target":["http:\/\/www.belisamart.fr\/Belisamart-Blog\/contact\/"]}]},{"@type":"BreadcrumbList","@id":"http:\/\/www.belisamart.fr\/Belisamart-Blog\/contact\/#breadcrumb","itemListElement":[{"@type":"ListItem","position":1,"name":"Accueil","item":"http:\/\/www.belisamart.fr\/Belisamart-Blog\/"},{"@type":"ListItem","position":2,"name":"Contact"}]},{"@type":"WebSite","@id":"http:\/\/www.belisamart.fr\/Belisamart-Blog\/#website","url":"http:\/\/www.belisamart.fr\/Belisamart-Blog\/","name":"Belisam&#039;Art","description":"Blog culturel Belisam&#039;Art","potentialAction":[{"@type":"SearchAction","target":{"@type":"EntryPoint","urlTemplate":"http:\/\/www.belisamart.fr\/Belisamart-Blog\/?s={search_term_string}"},"query-input":{"@type":"PropertyValueSpecification","valueRequired":true,"valueName":"search_term_string"}}],"inLanguage":"fr-FR"}]}},"jetpack_sharing_enabled":true,"jetpack_likes_enabled":true,"jetpack-related-posts":[{"id":80,"url":"http:\/\/www.belisamart.fr\/Belisamart-Blog\/politique-de-confidentialite\/","url_meta":{"origin":89,"position":0},"title":"Politique de confidentialit\u00e9","author":"Belisama","date":"6 septembre 2021","format":false,"excerpt":"Qui sommes-nous\u00a0? L\u2019adresse de notre site est\u00a0: http:\/\/www.belisamart.fr\/. Commentaires Quand vous laissez un commentaire sur notre site, les donn\u00e9es inscrites dans le formulaire de commentaire, mais aussi votre adresse IP et l\u2019agent utilisateur de votre navigateur sont collect\u00e9s pour nous aider \u00e0 la d\u00e9tection des commentaires ind\u00e9sirables. Une cha\u00eene anonymis\u00e9e\u2026","rel":"","context":"Article similaire","block_context":{"text":"Article similaire","link":""},"img":{"alt_text":"","src":"","width":0,"height":0},"classes":[]},{"id":191,"url":"http:\/\/www.belisamart.fr\/Belisamart-Blog\/","url_meta":{"origin":89,"position":1},"title":"Accueil de Belisam&#8217;Art","author":"Belisama","date":"11 septembre 2021","format":false,"excerpt":"Bienvenue dans le monde de Belisam'Art Vous qui \u00eates des curieux de l'art et de L'expression de l'esprit et des sentiments, d\u00e9couvrez les artistes que l'on interview, leurs activit\u00e9s artistiques et diff\u00e9rents th\u00e8mes que nous esp\u00e9rons vous faire d\u00e9couvrir. Nous ouvrons une porte sur l'imaginaire et vous invitons au voyage\u2026","rel":"","context":"Article similaire","block_context":{"text":"Article similaire","link":""},"img":{"alt_text":"","src":"","width":0,"height":0},"classes":[]}],"jetpack_shortlink":"https:\/\/wp.me\/PdhBgb-1r","_links":{"self":[{"href":"http:\/\/www.belisamart.fr\/Belisamart-Blog\/wp-json\/wp\/v2\/pages\/89","targetHints":{"allow":["GET"]}}],"collection":[{"href":"http:\/\/www.belisamart.fr\/Belisamart-Blog\/wp-json\/wp\/v2\/pages"}],"about":[{"href":"http:\/\/www.belisamart.fr\/Belisamart-Blog\/wp-json\/wp\/v2\/types\/page"}],"author":[{"embeddable":true,"href":"http:\/\/www.belisamart.fr\/Belisamart-Blog\/wp-json\/wp\/v2\/users\/1"}],"replies":[{"embeddable":true,"href":"http:\/\/www.belisamart.fr\/Belisamart-Blog\/wp-json\/wp\/v2\/comments?post=89"}],"version-history":[{"count":2,"href":"http:\/\/www.belisamart.fr\/Belisamart-Blog\/wp-json\/wp\/v2\/pages\/89\/revisions"}],"predecessor-version":[{"id":93,"href":"http:\/\/www.belisamart.fr\/Belisamart-Blog\/wp-json\/wp\/v2\/pages\/89\/revisions\/93"}],"wp:attachment":[{"href":"http:\/\/www.belisamart.fr\/Belisamart-Blog\/wp-json\/wp\/v2\/media?parent=89"}],"wp:term":[{"taxonomy":"folder","embeddable":true,"href":"http:\/\/www.belisamart.fr\/Belisamart-Blog\/wp-json\/wp\/v2\/folder?post=89"}],"curies":[{"name":"wp","href":"https:\/\/api.w.org\/{rel}","templated":true}]}}